{"id":85186,"date":"2020-06-15T10:48:02","date_gmt":"2020-06-15T08:48:02","guid":{"rendered":"https:\/\/undsgn.com\/uncode\/?page_id=85186"},"modified":"2023-09-18T10:33:34","modified_gmt":"2023-09-18T10:33:34","slug":"dealers-area","status":"publish","type":"page","link":"https:\/\/www.porcemall.com\/es\/dealers-area\/","title":{"rendered":"Dealers Area"},"content":{"rendered":"<p>[vc_row row_height_percent=\u00bb100&#8243; override_padding=\u00bbyes\u00bb h_padding=\u00bb2&#8243; top_padding=\u00bb5&#8243; bottom_padding=\u00bb5&#8243; back_color=\u00bbcolor-rgdb\u00bb back_image=\u00bb85188&#8243; overlay_alpha=\u00bb50&#8243; gutter_size=\u00bb3&#8243; column_width_percent=\u00bb100&#8243; shift_y=\u00bb0&#8243; z_index=\u00bb0&#8243; enable_top_divider=\u00bbdefault\u00bb top_divider=\u00bbgradient\u00bb shape_top_h_use_pixel=\u00bbtrue\u00bb shape_top_height_percent=\u00bb100&#8243; shape_top_color=\u00bbcolor-wayh\u00bb shape_top_opacity=\u00bb50&#8243; shape_top_index=\u00bb0&#8243;][vc_column column_width_percent=\u00bb100&#8243; position_vertical=\u00bbmiddle\u00bb align_horizontal=\u00bbalign_center\u00bb gutter_size=\u00bb3&#8243; override_padding=\u00bbyes\u00bb column_padding=\u00bb0&#8243; style=\u00bbdark\u00bb overlay_alpha=\u00bb50&#8243; shift_x=\u00bb0&#8243; shift_y=\u00bb0&#8243; shift_y_down=\u00bb0&#8243; z_index=\u00bb0&#8243; medium_width=\u00bb0&#8243; mobile_width=\u00bb0&#8243; shadow=\u00bbxl\u00bb width=\u00bb1\/1&#8243;][vc_custom_heading uncode_shortcode_id=\u00bb231077&#8243;]Secci\u00f3n privada de la tienda del distribuidor. Env\u00ede su registro e inicie sesi\u00f3n para acceder a ofertas y ventas exclusivas.[\/vc_custom_heading][vc_row_inner row_inner_height_percent=\u00bb0&#8243; overlay_alpha=\u00bb50&#8243; equal_height=\u00bbyes\u00bb gutter_size=\u00bb1&#8243; shift_y=\u00bb0&#8243; z_index=\u00bb0&#8243; limit_content=\u00bb\u00bb][vc_column_inner column_width_percent=\u00bb100&#8243; gutter_size=\u00bb3&#8243; override_padding=\u00bbyes\u00bb column_padding=\u00bb4&#8243; font_family=\u00bbfont-175345&#8243; back_color=\u00bbcolor-xsdn\u00bb overlay_alpha=\u00bb50&#8243; shift_x=\u00bb0&#8243; shift_y=\u00bb0&#8243; shift_y_down=\u00bb0&#8243; z_index=\u00bb0&#8243; medium_width=\u00bb0&#8243; mobile_width=\u00bb0&#8243; width=\u00bb1\/2&#8243;][vc_custom_heading]Log In[\/vc_custom_heading][vc_column_text]<a><div class=\"cleanlogin-container\">\n\n\t<form class=\"cleanlogin-form\" method=\"post\" action=\"https:\/\/www.porcemall.com\/es\/dealers-area\/\">\n\t\t\n\t\t<input type=\"hidden\" name=\"redirect_outlet_module\" value=\"\">\n\n\t\t<fieldset>\n\t\t\t<div class=\"cleanlogin-field\">\n\t\t\t\t<input class=\"cleanlogin-field-username\" type=\"text\" name=\"log\" placeholder=\"Usuario\">\n\t\t\t<\/div>\n\n\t\t\t<div class=\"cleanlogin-field\">\n\t\t\t\t<input class=\"cleanlogin-field-password\" type=\"password\" name=\"pwd\" placeholder=\"Contrase\u00f1a\">\n\t\t\t<\/div>\n\t\t<\/fieldset>\n\n\t\t<fieldset>\n\t\t\t<input class=\"cleanlogin-field\" type=\"submit\" value=\"Acceder\" name=\"submit\">\n\t\t\t<input type=\"hidden\" name=\"action\" value=\"login\">\n\n\t\t\t<div class=\"cleanlogin-field cleanlogin-field-remember\">\n\t\t\t\t<input type=\"checkbox\" name=\"rememberme\" value=\"forever\">\n\t\t\t\t<label>\u00bfRecordar?<\/label>\n\t\t\t<\/div>\n\t\t<\/fieldset>\n\n\t\t        <input type=\"hidden\" name=\"token\" value=\"\">\n        <div class=\"cleanlogin-form-bottom\">\n\n\t\t\t<a href='https:\/\/www.porcemall.com\/es\/dealers-area\/' class='cleanlogin-form-pwd-link'>\u00bfHa perdido la contrase\u00f1a?<\/a>\n\t\t\t<a href='https:\/\/www.porcemall.com\/es\/dealers-area\/' class='cleanlogin-form-register-link'>Registrarse<\/a>\n\t\t<\/div>\n\n\t<\/form>\n\n<\/div><\/a>[\/vc_column_text][vc_column_text css=\u00bb.vc_custom_1623330643642{margin-top: 10px !important;}\u00bb]Has perdido la contrase\u00f1a? \n<!--<div class=\"cleanlogin-container\">\n\t<form class=\"cleanlogin-form\" method=\"post\" action=\"#\">\n\n\t\t<fieldset>\n\t\t\n\t\t\t<div class=\"cleanlogin-field\">\n\t\t\t\t<input class=\"cleanlogin-field-username\" type=\"text\" name=\"username\" value=\"\" placeholder=\"\">\n\t\t\t<\/div>\n\n\t\t\t<div class=\"cleanlogin-field-website\">\n\t\t\t\t<label for='website'>Website<\/label>\n\t    \t\t<input type='text' name='website' value=\".\">\n\t    \t<\/div>\n\t\t\n\t\t<\/fieldset>\n\t\t\n\t\t<div>\t\n\t\t\t<input type=\"submit\" value=\"\" name=\"submit\">\n\t\t\t<input type=\"hidden\" name=\"action\" value=\"restore\">\t\t\n\t\t<\/div>\n\n\t<\/form>\n<\/div>-->\n\n<div class=\"restore_pass\">\n    <div class=\"error hidden\" >\n        El nombre de usuario no es correcto    <\/div>\n    <div class=\"success hidden\" >\n        Recibir\u00e1 un correo electr\u00f3nico con el enlace de activaci\u00f3n    <\/div>\n    <div class=\"cleanlogin-container\">\n        <form id=\"api_reset_password\" class=\"cleanlogin-form\">\n            <input class=\"cleanlogin-field-username\" name=\"username\" type=\"text\" value=\"\" placeholder=\"Usuario (o correo electr\u00f3nico)\" \/>\n            <input class=\"full-width\" name=\"submit\" type=\"submit\" value=\"Recuperar contrase\u00f1a\" \/>\n        <\/form>\n    <\/div>\n<\/div>[\/vc_column_text][\/vc_column_inner][vc_column_inner column_width_percent=\u00bb100&#8243; gutter_size=\u00bb3&#8243; override_padding=\u00bbyes\u00bb column_padding=\u00bb4&#8243; font_family=\u00bbfont-175345&#8243; back_color=\u00bbcolor-xsdn\u00bb overlay_alpha=\u00bb50&#8243; shift_x=\u00bb0&#8243; shift_y=\u00bb0&#8243; shift_y_down=\u00bb0&#8243; z_index=\u00bb0&#8243; medium_width=\u00bb0&#8243; mobile_width=\u00bb0&#8243; width=\u00bb1\/2&#8243;][vc_custom_heading]Register[\/vc_custom_heading][vc_column_text uncode_shortcode_id=\u00bb173233&#8243;]<a>\n<div class=\"cleanlogin-container cleanlogin-full-width\">\n\t<form class=\"cleanlogin-form\" method=\"post\" action=\"#\">\n\t\t<fieldset>\n\t\t\t\t\t\t\t<div class=\"cleanlogin-field\">\n\t\t\t\t\t<input class=\"cleanlogin-field-name\" type=\"text\" name=\"first_name\" value=\"\" placeholder=\"Nombre*\">\n\t\t\t\t<\/div>\n\t\t\t\t<div class=\"cleanlogin-field\">\n\t\t\t\t\t<input class=\"cleanlogin-field-surname\" type=\"text\" name=\"last_name\" value=\"\" placeholder=\"Apellidos*\">\n\t\t\t\t<\/div>\n\t\t\t\t\t\t\n\t\t\t\t\t\t\n\t\t\t<div class=\"cleanlogin-field\">\n\t\t\t\t<input class=\"cleanlogin-field-email\" type=\"email\" name=\"email\" value=\"\" placeholder=\"E-mail*\">\n\t\t\t<\/div>\n\n\t\t\t<div class=\"cleanlogin-field-website\">\n\t\t\t\t<label for='website'>Website<\/label>\n\t\t\t\t<input type='text' name='website' value=\".\">\n\t\t\t<\/div>\n\n\t\t\t<div class=\"cleanlogin-field\">\n\t\t\t\t<input class=\"cleanlogin-field-password\" type=\"password\" name=\"pass1\" value=\"\" autocomplete=\"off\" placeholder=\"Nueva contrase\u00f1a\">\n\t\t\t<\/div>\n\n\t\t\t\t\t\t\t<div class=\"cleanlogin-field\">\n\t\t\t\t\t<input class=\"cleanlogin-field-password\" type=\"password\" name=\"pass2\" value=\"\" autocomplete=\"off\" placeholder=\"Confirme contrase\u00f1a\">\n\t\t\t\t<\/div>\n\t\t\t                                    \n                <div class=\"cleanlogin-field\">\n        <input type=\"text\" class=\"cleanlogin-field-company\" name=\"company_name\" autocomplete=\"Company name\" placeholder=\"Nombre de la empresa*\" value=\"\" required \/>\n    <\/div>\n\n\n            \t\t\t\t\t\t\t<script src=\"https:\/\/www.google.com\/recaptcha\/api.js?hl=es\" async defer><\/script>\r\n\t\t\t\t<div class=\"cleanlogin-field\">\n\t\t\t\t\t<div class=\"g-recaptcha\" data-sitekey=\"6LepwxobAAAAAB95Eaa7GtrJawiqSeqBhdzOZpJx\"><\/div>\n\t\t\t\t<\/div>\n\t\t\t\t\t\t\t\t\t\t\t\t\t\t<input type=\"text\" name=\"role\" value=\"standby\" hidden >\n\t\t\t\t\t\t\t\n\t\t\t\n\n           <!-- <div class=\"cleanlogin-field\">\n                <input type=\"text\" class=\"cleanlogin-field-commercial-name\" name=\"commercial_name\" autocomplete=\"Commercial name\" placeholder=\"Commercial Name\" value=\"\"\/>\n            <\/div>\n            <div class=\"cleanlogin-field\">\n                <input type=\"email\" class=\"cleanlogin-field-commercial-email\" name=\"commercial_email\" autocomplete=\"Commercial email\" placeholder=\"Commercial Email\" value=\"\"\/>\n            <\/div>-->\n\n\n        <\/fieldset>\n\n\t\t<div>\n\t\t\t<input type=\"submit\" value=\"Registrarse\" name=\"btn-submit\" onclick=\"this.form.submit(); this.disabled = true;\">\n\t\t\t<input type=\"hidden\" name=\"action\" value=\"register\">\n\t\t<\/div>\n\n\t<\/form>\n<\/div>\n<\/a>[\/vc_column_text][\/vc_column_inner][\/vc_row_inner][\/vc_column][\/vc_row]<\/p>\n","protected":false},"excerpt":{"rendered":"<p>[vc_row row_height_percent=\u00bb100&#8243; override_padding=\u00bbyes\u00bb h_padding=\u00bb2&#8243; top_padding=\u00bb5&#8243; bottom_padding=\u00bb5&#8243; back_color=\u00bbcolor-rgdb\u00bb back_image=\u00bb85188&#8243; overlay_alpha=\u00bb50&#8243; gutter_size=\u00bb3&#8243; column_width_percent=\u00bb100&#8243; shift_y=\u00bb0&#8243; z_index=\u00bb0&#8243; enable_top_divider=\u00bbdefault\u00bb top_divider=\u00bbgradient\u00bb shape_top_h_use_pixel=\u00bbtrue\u00bb shape_top_height_percent=\u00bb100&#8243; shape_top_color=\u00bbcolor-wayh\u00bb shape_top_opacity=\u00bb50&#8243; shape_top_index=\u00bb0&#8243;][vc_column [&hellip;]<\/p>\n","protected":false},"author":9,"featured_media":0,"parent":0,"menu_order":0,"comment_status":"closed","ping_status":"closed","template":"","meta":[],"_links":{"self":[{"href":"https:\/\/www.porcemall.com\/es\/wp-json\/wp\/v2\/pages\/85186"}],"collection":[{"href":"https:\/\/www.porcemall.com\/es\/wp-json\/wp\/v2\/pages"}],"about":[{"href":"https:\/\/www.porcemall.com\/es\/wp-json\/wp\/v2\/types\/page"}],"author":[{"embeddable":true,"href":"https:\/\/www.porcemall.com\/es\/wp-json\/wp\/v2\/users\/9"}],"replies":[{"embeddable":true,"href":"https:\/\/www.porcemall.com\/es\/wp-json\/wp\/v2\/comments?post=85186"}],"version-history":[{"count":7,"href":"https:\/\/www.porcemall.com\/es\/wp-json\/wp\/v2\/pages\/85186\/revisions"}],"predecessor-version":[{"id":95089,"href":"https:\/\/www.porcemall.com\/es\/wp-json\/wp\/v2\/pages\/85186\/revisions\/95089"}],"wp:attachment":[{"href":"https:\/\/www.porcemall.com\/es\/wp-json\/wp\/v2\/media?parent=85186"}],"curies":[{"name":"wp","href":"https:\/\/api.w.org\/{rel}","templated":true}]}}