{"id":85084,"date":"2021-06-01T15:42:27","date_gmt":"2021-06-01T15:42:27","guid":{"rendered":"https:\/\/www.porcemall.com\/es\/favoritos\/"},"modified":"2021-06-25T09:42:49","modified_gmt":"2021-06-25T09:42:49","slug":"favoritos","status":"publish","type":"page","link":"https:\/\/www.porcemall.com\/es\/favoritos\/","title":{"rendered":"Favoritos"},"content":{"rendered":"<div class=\"xana-empty-favorites\">    <div class=\"xana-empty-favorite-list\">\r\n    <h2>Tu lista de favoritos est\u00e1s vac\u00eda<\/h2>\r\n    <p>A\u00f1ade los productos que m\u00e1s te gusten para hacer un seguimiento de ellos<\/p>\r\n    <a href=\"https:\/\/www.porcemall.com\/es\/series\/?idfamilia=1&catalogo=General\" class=\"btn btn-round btn-default\">\u00a1Descubre nuestros productos!<\/a>\r\n    <\/div><\/div>","protected":false},"excerpt":{"rendered":"<p>Tu lista de favoritos est\u00e1s vac\u00eda A\u00f1ade los productos que m\u00e1s te gusten para hacer un seguimiento de ellos \u00a1Descubre [&hellip;]<\/p>\n","protected":false},"author":1,"featured_media":0,"parent":0,"menu_order":0,"comment_status":"closed","ping_status":"closed","template":"","meta":[],"_links":{"self":[{"href":"https:\/\/www.porcemall.com\/es\/wp-json\/wp\/v2\/pages\/85084"}],"collection":[{"href":"https:\/\/www.porcemall.com\/es\/wp-json\/wp\/v2\/pages"}],"about":[{"href":"https:\/\/www.porcemall.com\/es\/wp-json\/wp\/v2\/types\/page"}],"author":[{"embeddable":true,"href":"https:\/\/www.porcemall.com\/es\/wp-json\/wp\/v2\/users\/1"}],"replies":[{"embeddable":true,"href":"https:\/\/www.porcemall.com\/es\/wp-json\/wp\/v2\/comments?post=85084"}],"version-history":[{"count":0,"href":"https:\/\/www.porcemall.com\/es\/wp-json\/wp\/v2\/pages\/85084\/revisions"}],"wp:attachment":[{"href":"https:\/\/www.porcemall.com\/es\/wp-json\/wp\/v2\/media?parent=85084"}],"curies":[{"name":"wp","href":"https:\/\/api.w.org\/{rel}","templated":true}]}}